{"id":3191,"date":"2024-05-06T13:37:40","date_gmt":"2024-05-06T11:37:40","guid":{"rendered":"https:\/\/13tattooceuta.com\/?page_id=3191"},"modified":"2024-05-09T16:50:17","modified_gmt":"2024-05-09T14:50:17","slug":"aviso-legal-13tattoo","status":"publish","type":"page","link":"https:\/\/13tattoo.es\/en\/aviso-legal-13tattoo\/","title":{"rendered":"Legal warning"},"content":{"rendered":"<div style=\"height:180px\" aria-hidden=\"true\" class=\"wp-block-spacer\"><\/div>\n\n\n\n<div class=\"wp-block-columns is-layout-flex wp-container-core-columns-is-layout-1 wp-block-columns-is-layout-flex\">\n<div class=\"wp-block-column is-layout-flow wp-block-column-is-layout-flow\" style=\"flex-basis:100%\">\n<div class=\"wp-block-uagb-advanced-heading uagb-block-db0148d4\"><h1 class=\"uagb-heading-text\">Aviso legal 13Tattoo<\/h1><\/div>\n<\/div>\n<\/div>\n\n\n\n<div class=\"wp-block-group is-layout-constrained wp-block-group-is-layout-constrained\">\n<div class=\"wp-block-columns is-layout-flex wp-container-core-columns-is-layout-2 wp-block-columns-is-layout-flex\">\n<div class=\"wp-block-column is-layout-flow wp-block-column-is-layout-flow\">\n<h2 class=\"wp-block-heading has-x-large-font-size\">Objeto <em>&#8211; Aviso legal 13Tattoo<\/em><\/h2>\n\n\n\n<p class=\"has-ast-global-color-2-color has-text-color has-link-color has-medium-font-size wp-elements-fce76b65684740afe81129657967fd09\">El objeto del presente aviso legal <strong>13Tattoo<\/strong>, es informar a los usuarios de las condiciones de acceso y uso de la Web.<\/p>\n\n\n\n<p class=\"has-ast-global-color-2-color has-text-color has-link-color has-medium-font-size wp-elements-88744709cd0b258ffd0718dbf8e50109\">El acceso y uso de la Web atribuye la condici\u00f3n de usuario, e implica la aceptaci\u00f3n plena y sin reservas de todas y cada una de las disposiciones incluidas en este aviso legal. El usuario se compromete a hacer un uso adecuado y l\u00edcito de la Web. <\/p>\n\n\n\n<h3 class=\"wp-block-heading has-large-font-size\">Propiedad intelectual<\/h3>\n\n\n\n<p class=\"has-ast-global-color-2-color has-text-color has-link-color has-medium-font-size wp-elements-61946af1b241bc5ee50291ce6fd4950b\">Todos los derechos de propiedad intelectual e industrial sobre la web y su contenido (incluyendo, sin limitaci\u00f3n, textos, im\u00e1genes, dise\u00f1os, logotipos, iconos, v\u00eddeos, audios, etc.) Debido a que son propiedad de 13Tattoo o de terceros licenciantes, y est\u00e1n protegidos por la legislaci\u00f3n nacional e internacional de propiedad intelectual e industrial.<\/p>\n\n\n\n<p class=\"has-ast-global-color-2-color has-text-color has-link-color has-medium-font-size wp-elements-ee253f1f12668d1b1058ff2c2b011eaa\">Queda prohibida la reproducci\u00f3n, distribuci\u00f3n, comunicaci\u00f3n p\u00fablica, transformaci\u00f3n, puesta a disposici\u00f3n del p\u00fablico y, en general, cualquier otra forma de explotaci\u00f3n, total o parcial, de los elementos referidos en el p\u00e1rrafo anterior sin autorizaci\u00f3n expresa de 13Tattoo.<\/p>\n\n\n\n<p class=\"has-ast-global-color-2-color has-text-color has-link-color has-medium-font-size wp-elements-7bc21abdeb53b197f7e06c03506a3aee\"><em>RESPONSABILIDADES<\/em><\/p>\n\n\n\n<p class=\"has-ast-global-color-2-color has-text-color has-link-color has-medium-font-size wp-elements-fffe506951c48f87ef62b0cce78d9fbc\">13Tattoo no se hace responsable de los da\u00f1os y perjuicios que puedan derivarse del uso de la Web, adem\u00e1s, ni de los contenidos y servicios enlazados a trav\u00e9s de la misma. <\/p>\n\n\n\n<p class=\"has-ast-global-color-2-color has-text-color has-link-color has-medium-font-size wp-elements-b6d6255536c2b1818d2dc294f94bf0e0\">Asimismo, 13Tattoo no garantiza la ausencia de virus u otros elementos lesivos que pudieran causar da\u00f1os o alteraciones en el sistema inform\u00e1tico, en los documentos electr\u00f3nicos o en los archivos del usuario de la Web.<\/p>\n<\/div>\n<\/div>\n<\/div>\n\n\n\n<div class=\"wp-block-uagb-container uagb-layout-grid uagb-block-jpua6gxi alignfull uagb-is-root-container\"><div class=\"uagb-container-inner-blocks-wrap\">\n<div class=\"wp-block-uagb-info-box uagb-block-xsctuilb uagb-infobox__content-wrap  uagb-infobox-icon-above-title uagb-infobox-image-valign-top\"><div class=\"uagb-ifb-content\"><div class=\"uagb-ifb-title-wrap\"><h3 class=\"uagb-ifb-title\">Do not hesitate to contact us to solve any doubt you may have ! <\/h3><\/div><\/div><\/div>\n\n\n\n<div style=\"height:34px\" aria-hidden=\"true\" class=\"wp-block-spacer\"><\/div>\n\n\n\n<div class=\"wp-block-buttons is-layout-flex wp-block-buttons-is-layout-flex\">\n<div class=\"wp-block-button\"><a class=\"wp-block-button__link wp-element-button\" href=\"https:\/\/13tattooceuta.es\/contacta-con-nosotros\/\">Contact<\/a><\/div>\n<\/div>\n<\/div><\/div>\n\n\n\n<div style=\"height:100px\" aria-hidden=\"true\" class=\"wp-block-spacer\"><\/div>","protected":false},"excerpt":{"rendered":"<p>Objeto &#8211; Aviso legal 13Tattoo El objeto del presente aviso legal 13Tattoo, es informar a los usuarios de las condiciones de acceso y uso de la Web. El acceso y uso de la Web atribuye la condici\u00f3n de usuario, e implica la aceptaci\u00f3n plena y sin reservas de todas y cada una de las disposiciones [&hellip;]<\/p>","protected":false},"author":1,"featured_media":0,"parent":0,"menu_order":0,"comment_status":"closed","ping_status":"closed","template":"","meta":{"site-sidebar-layout":"default","site-content-layout":"","ast-site-content-layout":"default","site-content-style":"default","site-sidebar-style":"default","ast-global-header-display":"","ast-banner-title-visibility":"","ast-main-header-display":"","ast-hfb-above-header-display":"","ast-hfb-below-header-display":"","ast-hfb-mobile-header-display":"","site-post-title":"","ast-breadcrumbs-content":"","ast-featured-img":"","footer-sml-layout":"","theme-transparent-header-meta":"","adv-header-id-meta":"","stick-header-meta":"","header-above-stick-meta":"","header-main-stick-meta":"","header-below-stick-meta":"","astra-migrate-meta-layouts":"set","ast-page-background-enabled":"default","ast-page-background-meta":{"desktop":{"background-color":"","background-image":"","background-repeat":"repeat","background-position":"center center","background-size":"auto","background-attachment":"scroll","background-type":"","background-media":"","overlay-type":"","overlay-color":"","overlay-gradient":""},"tablet":{"background-color":"","background-image":"","background-repeat":"repeat","background-position":"center center","background-size":"auto","background-attachment":"scroll","background-type":"","background-media":"","overlay-type":"","overlay-color":"","overlay-gradient":""},"mobile":{"background-color":"","background-image":"","background-repeat":"repeat","background-position":"center center","background-size":"auto","background-attachment":"scroll","background-type":"","background-media":"","overlay-type":"","overlay-color":"","overlay-gradient":""}},"ast-content-background-meta":{"desktop":{"background-color":"var(--ast-global-color-5)","background-image":"","background-repeat":"repeat","background-position":"center center","background-size":"auto","background-attachment":"scroll","background-type":"","background-media":"","overlay-type":"","overlay-color":"","overlay-gradient":""},"tablet":{"background-color":"var(--ast-global-color-5)","background-image":"","background-repeat":"repeat","background-position":"center center","background-size":"auto","background-attachment":"scroll","background-type":"","background-media":"","overlay-type":"","overlay-color":"","overlay-gradient":""},"mobile":{"background-color":"var(--ast-global-color-5)","background-image":"","background-repeat":"repeat","background-position":"center center","background-size":"auto","background-attachment":"scroll","background-type":"","background-media":"","overlay-type":"","overlay-color":"","overlay-gradient":""}},"footnotes":""},"yoast_head":"<!-- This site is optimized with the Yoast SEO plugin v23.0 - https:\/\/yoast.com\/wordpress\/plugins\/seo\/ -->\n<title>Aviso legal 13Tattoo - 13tattooceuta<\/title>\n<meta name=\"description\" content=\"Aviso legal 13Tattoo no se hace responsable de los da\u00f1os y perjuicios que puedan derivarse del uso de la Web.\" \/>\n<meta name=\"robots\" content=\"index, follow, max-snippet:-1, max-image-preview:large, max-video-preview:-1\" \/>\n<link rel=\"canonical\" href=\"https:\/\/13tattoo.es\/en\/aviso-legal-13tattoo\/\" \/>\n<meta property=\"og:locale\" content=\"en_US\" \/>\n<meta property=\"og:type\" content=\"article\" \/>\n<meta property=\"og:title\" content=\"Aviso legal 13Tattoo - 13tattooceuta\" \/>\n<meta property=\"og:description\" content=\"Aviso legal 13Tattoo no se hace responsable de los da\u00f1os y perjuicios que puedan derivarse del uso de la Web.\" \/>\n<meta property=\"og:url\" content=\"https:\/\/13tattoo.es\/en\/aviso-legal-13tattoo\/\" \/>\n<meta property=\"og:site_name\" content=\"13tattooceuta\" \/>\n<meta property=\"article:modified_time\" content=\"2024-05-09T14:50:17+00:00\" \/>\n<meta name=\"twitter:card\" content=\"summary_large_image\" \/>\n<meta name=\"twitter:label1\" content=\"Est. reading time\" \/>\n\t<meta name=\"twitter:data1\" content=\"2 minutes\" \/>\n<script type=\"application\/ld+json\" class=\"yoast-schema-graph\">{\"@context\":\"https:\/\/schema.org\",\"@graph\":[{\"@type\":\"WebPage\",\"@id\":\"https:\/\/13tattoo.es\/aviso-legal-13tattoo\/\",\"url\":\"https:\/\/13tattoo.es\/aviso-legal-13tattoo\/\",\"name\":\"Aviso legal 13Tattoo - 13tattooceuta\",\"isPartOf\":{\"@id\":\"https:\/\/13tattoo.es\/#website\"},\"datePublished\":\"2024-05-06T11:37:40+00:00\",\"dateModified\":\"2024-05-09T14:50:17+00:00\",\"description\":\"Aviso legal 13Tattoo no se hace responsable de los da\u00f1os y perjuicios que puedan derivarse del uso de la Web.\",\"breadcrumb\":{\"@id\":\"https:\/\/13tattoo.es\/aviso-legal-13tattoo\/#breadcrumb\"},\"inLanguage\":\"en-US\",\"potentialAction\":[{\"@type\":\"ReadAction\",\"target\":[\"https:\/\/13tattoo.es\/aviso-legal-13tattoo\/\"]}]},{\"@type\":\"BreadcrumbList\",\"@id\":\"https:\/\/13tattoo.es\/aviso-legal-13tattoo\/#breadcrumb\",\"itemListElement\":[{\"@type\":\"ListItem\",\"position\":1,\"name\":\"Inicio\",\"item\":\"https:\/\/13tattoo.es\/\"},{\"@type\":\"ListItem\",\"position\":2,\"name\":\"Aviso Legal\"}]},{\"@type\":\"WebSite\",\"@id\":\"https:\/\/13tattoo.es\/#website\",\"url\":\"https:\/\/13tattoo.es\/\",\"name\":\"13tattooceuta\",\"description\":\"Centro de tatuajes y piercings en Ceuta\",\"publisher\":{\"@id\":\"https:\/\/13tattoo.es\/#organization\"},\"potentialAction\":[{\"@type\":\"SearchAction\",\"target\":{\"@type\":\"EntryPoint\",\"urlTemplate\":\"https:\/\/13tattoo.es\/?s={search_term_string}\"},\"query-input\":\"required name=search_term_string\"}],\"inLanguage\":\"en-US\"},{\"@type\":\"Organization\",\"@id\":\"https:\/\/13tattoo.es\/#organization\",\"name\":\"13tattooceuta\",\"url\":\"https:\/\/13tattoo.es\/\",\"logo\":{\"@type\":\"ImageObject\",\"inLanguage\":\"en-US\",\"@id\":\"https:\/\/13tattoo.es\/#\/schema\/logo\/image\/\",\"url\":\"https:\/\/13tattoo.es\/wp-content\/uploads\/2024\/04\/images.png\",\"contentUrl\":\"https:\/\/13tattoo.es\/wp-content\/uploads\/2024\/04\/images.png\",\"width\":189,\"height\":267,\"caption\":\"13tattooceuta\"},\"image\":{\"@id\":\"https:\/\/13tattoo.es\/#\/schema\/logo\/image\/\"}}]}<\/script>\n<!-- \/ Yoast SEO plugin. -->","yoast_head_json":{"title":"Aviso legal 13Tattoo - 13tattooceuta","description":"Aviso legal 13Tattoo no se hace responsable de los da\u00f1os y perjuicios que puedan derivarse del uso de la Web.","robots":{"index":"index","follow":"follow","max-snippet":"max-snippet:-1","max-image-preview":"max-image-preview:large","max-video-preview":"max-video-preview:-1"},"canonical":"https:\/\/13tattoo.es\/en\/aviso-legal-13tattoo\/","og_locale":"en_US","og_type":"article","og_title":"Aviso legal 13Tattoo - 13tattooceuta","og_description":"Aviso legal 13Tattoo no se hace responsable de los da\u00f1os y perjuicios que puedan derivarse del uso de la Web.","og_url":"https:\/\/13tattoo.es\/en\/aviso-legal-13tattoo\/","og_site_name":"13tattooceuta","article_modified_time":"2024-05-09T14:50:17+00:00","twitter_card":"summary_large_image","twitter_misc":{"Est. reading time":"2 minutes"},"schema":{"@context":"https:\/\/schema.org","@graph":[{"@type":"WebPage","@id":"https:\/\/13tattoo.es\/aviso-legal-13tattoo\/","url":"https:\/\/13tattoo.es\/aviso-legal-13tattoo\/","name":"Aviso legal 13Tattoo - 13tattooceuta","isPartOf":{"@id":"https:\/\/13tattoo.es\/#website"},"datePublished":"2024-05-06T11:37:40+00:00","dateModified":"2024-05-09T14:50:17+00:00","description":"Aviso legal 13Tattoo no se hace responsable de los da\u00f1os y perjuicios que puedan derivarse del uso de la Web.","breadcrumb":{"@id":"https:\/\/13tattoo.es\/aviso-legal-13tattoo\/#breadcrumb"},"inLanguage":"en-US","potentialAction":[{"@type":"ReadAction","target":["https:\/\/13tattoo.es\/aviso-legal-13tattoo\/"]}]},{"@type":"BreadcrumbList","@id":"https:\/\/13tattoo.es\/aviso-legal-13tattoo\/#breadcrumb","itemListElement":[{"@type":"ListItem","position":1,"name":"Inicio","item":"https:\/\/13tattoo.es\/"},{"@type":"ListItem","position":2,"name":"Aviso Legal"}]},{"@type":"WebSite","@id":"https:\/\/13tattoo.es\/#website","url":"https:\/\/13tattoo.es\/","name":"13tattooceuta","description":"Centro de tatuajes y piercings en Ceuta","publisher":{"@id":"https:\/\/13tattoo.es\/#organization"},"potentialAction":[{"@type":"SearchAction","target":{"@type":"EntryPoint","urlTemplate":"https:\/\/13tattoo.es\/?s={search_term_string}"},"query-input":"required name=search_term_string"}],"inLanguage":"en-US"},{"@type":"Organization","@id":"https:\/\/13tattoo.es\/#organization","name":"13tattooceuta","url":"https:\/\/13tattoo.es\/","logo":{"@type":"ImageObject","inLanguage":"en-US","@id":"https:\/\/13tattoo.es\/#\/schema\/logo\/image\/","url":"https:\/\/13tattoo.es\/wp-content\/uploads\/2024\/04\/images.png","contentUrl":"https:\/\/13tattoo.es\/wp-content\/uploads\/2024\/04\/images.png","width":189,"height":267,"caption":"13tattooceuta"},"image":{"@id":"https:\/\/13tattoo.es\/#\/schema\/logo\/image\/"}}]}},"_links":{"self":[{"href":"https:\/\/13tattoo.es\/en\/wp-json\/wp\/v2\/pages\/3191"}],"collection":[{"href":"https:\/\/13tattoo.es\/en\/wp-json\/wp\/v2\/pages"}],"about":[{"href":"https:\/\/13tattoo.es\/en\/wp-json\/wp\/v2\/types\/page"}],"author":[{"embeddable":true,"href":"https:\/\/13tattoo.es\/en\/wp-json\/wp\/v2\/users\/1"}],"replies":[{"embeddable":true,"href":"https:\/\/13tattoo.es\/en\/wp-json\/wp\/v2\/comments?post=3191"}],"version-history":[{"count":15,"href":"https:\/\/13tattoo.es\/en\/wp-json\/wp\/v2\/pages\/3191\/revisions"}],"predecessor-version":[{"id":3553,"href":"https:\/\/13tattoo.es\/en\/wp-json\/wp\/v2\/pages\/3191\/revisions\/3553"}],"wp:attachment":[{"href":"https:\/\/13tattoo.es\/en\/wp-json\/wp\/v2\/media?parent=3191"}],"curies":[{"name":"wp","href":"https:\/\/api.w.org\/{rel}","templated":true}]}}