{"id":267,"date":"2019-01-11T07:07:39","date_gmt":"2019-01-11T07:07:39","guid":{"rendered":"https:\/\/13tattooceuta.com\/blog\/"},"modified":"2024-05-09T16:54:00","modified_gmt":"2024-05-09T14:54:00","slug":"13tattoo-blog","status":"publish","type":"page","link":"https:\/\/13tattoo.es\/en\/13tattoo-blog\/","title":{"rendered":"Blog"},"content":{"rendered":"<div style=\"height:180px\" aria-hidden=\"true\" class=\"wp-block-spacer\"><\/div>\n\n\n\n<div class=\"wp-block-group is-layout-constrained wp-block-group-is-layout-constrained\">\n<div class=\"wp-block-columns is-layout-flex wp-container-core-columns-is-layout-1 wp-block-columns-is-layout-flex\">\n<div class=\"wp-block-column is-layout-flow wp-block-column-is-layout-flow\">\n<h1 class=\"wp-block-heading\" style=\"font-size:55px\">Welcome to 13Tattoo Blog! \u270d<\/h1>\n\n\n\n<p><\/p>\n<\/div>\n<\/div>\n\n\n\n<p class=\"has-medium-font-size\">At 13Tattoo blog, keep up to date with our latest creations, special events and exclusive promotions that you will only find in our online journal. We bring you the best of body art in Ceuta. Don't miss the opportunity to be part of our community and discover how we can make your tattoo ideas come true . Our studio is much more than a place to get tattooed; it is a space where creativity and passion merge to give you a unique experience. We want you to feel part of our community, where closeness and trust are fundamental pillars. Don't miss the opportunity to discover how we can turn your ideas into tattoos. <\/p>\n<\/div>\n\n\n\n<div class=\"wp-block-uagb-container uagb-block-a2a1c3d2 alignfull uagb-is-root-container\"><div class=\"uagb-container-inner-blocks-wrap\">\n<div class=\"wp-block-uagb-advanced-heading uagb-block-17fc95be\"><h2 class=\"uagb-heading-text\">Explore the latest news and offers about 13Tattoo Ceuta blog <\/h2><\/div>\n\n\n\n<div class=\"wp-block-uagb-container uagb-block-1761f82c\"><\/div>\n<\/div><\/div>\n\n\n\n<div class=\"wp-block-uagb-container uagb-block-f13zoqzn alignfull uagb-is-root-container\"><div class=\"uagb-container-inner-blocks-wrap\">\n<div class=\"wp-block-uagb-container uagb-block-wvjqkpj3\">\n<div class=\"wp-block-uagb-info-box uagb-block-hza3iclx uagb-infobox__content-wrap  uagb-infobox-icon-above-title uagb-infobox-image-valign-top\"><div class=\"uagb-ifb-content\"><div class=\"uagb-ifb-title-wrap\"><p class=\"uagb-ifb-title-prefix\">Our blog<\/p><h3 class=\"uagb-ifb-title\">Behind the tattoos<\/h3><\/div><p class=\"uagb-ifb-desc\">Discover the latest trends, tattoo care tips and exciting customer stories. Immerse yourself in our community and get inspired for your next tattoo. Feel free to contact us if you have any questions or concerns about our promotions or offers. <\/p><\/div><\/div>\n\n\n\n<div class=\"wp-block-uagb-buttons uagb-buttons__outer-wrap uagb-btn__default-btn uagb-btn-tablet__default-btn uagb-btn-mobile__default-btn uagb-block-e56wkugv\"><div class=\"uagb-buttons__wrap uagb-buttons-layout-wrap\">\n<div class=\"wp-block-uagb-buttons-child uagb-buttons__outer-wrap uagb-block-c5956cbb wp-block-button\"><div class=\"uagb-button__wrapper\"><a class=\"uagb-buttons-repeater wp-block-button__link\" aria-label=\"\" href=\"https:\/\/13tattooceuta.es\/contacta-con-nosotros\/\" rel=\"follow noopener\" target=\"_self\" role=\"button\"><div class=\"uagb-button__link\">Contact<\/div><\/a><\/div><\/div>\n<\/div><\/div>\n<\/div>\n\n\n\n<div class=\"wp-block-uagb-container uagb-block-v4tkkdcb\">\n<div class=\"wp-block-uagb-image aligncenter uagb-block-vmzypwga wp-block-uagb-image--layout-default wp-block-uagb-image--effect-static wp-block-uagb-image--align-center alignleft\"><figure class=\"wp-block-uagb-image__figure\"><img decoding=\"async\" srcset=\"https:\/\/13tattooceuta.es\/wp-content\/uploads\/2024\/04\/IMG_7305-768x1024.jpg ,https:\/\/13tattooceuta.es\/wp-content\/uploads\/2024\/04\/IMG_7305-scaled.jpg 780w, https:\/\/13tattooceuta.es\/wp-content\/uploads\/2024\/04\/IMG_7305-scaled.jpg 360w\" sizes=\"(max-width: 480px) 150px\" src=\"https:\/\/13tattooceuta.es\/wp-content\/uploads\/2024\/04\/IMG_7305-768x1024.jpg\" alt=\"13Tattoo blog. Pierna tatuada\" class=\"uag-image-3083\" width=\"270\" height=\"360\" title=\"13Tattoo blog\" loading=\"lazy\" role=\"img\"\/><\/figure><\/div>\n\n\n\n<div class=\"wp-block-uagb-image alignleft uagb-block-h5wssxnw wp-block-uagb-image--layout-default wp-block-uagb-image--effect-static wp-block-uagb-image--align-left\"><figure class=\"wp-block-uagb-image__figure\"><a class=\"\" href=\"https:\/\/www.google.com\/maps\/place\/\/data=!4m2!3m1!1s0xd0ca3e240042923:0x89616509ffe2168b?sa=X&amp;ved=1t:8290&amp;ictx=111\" target=\"\" rel=\"noopener\"><img decoding=\"async\" srcset=\"https:\/\/13tattooceuta.es\/wp-content\/uploads\/2024\/05\/web5.jpg ,https:\/\/13tattooceuta.es\/wp-content\/uploads\/2024\/05\/web5.jpg 780w, https:\/\/13tattooceuta.es\/wp-content\/uploads\/2024\/05\/web5.jpg 360w\" sizes=\"(max-width: 480px) 150px\" src=\"https:\/\/13tattooceuta.es\/wp-content\/uploads\/2024\/05\/web5.jpg\" alt=\"13Tattoo blog. Centro de tatuajes\" class=\"uag-image-3290\" width=\"270\" height=\"360\" title=\"13Tattoo blog\" loading=\"lazy\" role=\"img\"\/><\/a><\/figure><\/div>\n<\/div>\n<\/div><\/div>","protected":false},"excerpt":{"rendered":"<p>Bienvenido a 13Tattoo Blog! \u270d En 13Tattoo blog, mantente al tanto de nuestras \u00faltimas creaciones, eventos especiales y promociones exclusivas que solo encontrar\u00e1s en nuestro diario en l\u00ednea. Traemos lo mejor del arte corporal en Ceuta. No te pierdas la oportunidad de ser parte de nuestra comunidad y descubrir c\u00f3mo podemos hacer realidad tus ideas [&hellip;]<\/p>","protected":false},"author":1,"featured_media":0,"parent":0,"menu_order":0,"comment_status":"closed","ping_status":"closed","template":"","meta":{"site-sidebar-layout":"no-sidebar","site-content-layout":"page-builder","ast-site-content-layout":"full-width-container","site-content-style":"unboxed","site-sidebar-style":"unboxed","ast-global-header-display":"","ast-banner-title-visibility":"","ast-main-header-display":"","ast-hfb-above-header-display":"","ast-hfb-below-header-display":"","ast-hfb-mobile-header-display":"","site-post-title":"disabled","ast-breadcrumbs-content":"","ast-featured-img":"disabled","footer-sml-layout":"","theme-transparent-header-meta":"enabled","adv-header-id-meta":"","stick-header-meta":"","header-above-stick-meta":"","header-main-stick-meta":"","header-below-stick-meta":"","astra-migrate-meta-layouts":"set","ast-page-background-enabled":"default","ast-page-background-meta":{"desktop":{"background-color":"","background-image":"","background-repeat":"repeat","background-position":"center center","background-size":"auto","background-attachment":"scroll","background-type":"","background-media":"","overlay-type":"","overlay-color":"","overlay-gradient":""},"tablet":{"background-color":"","background-image":"","background-repeat":"repeat","background-position":"center center","background-size":"auto","background-attachment":"scroll","background-type":"","background-media":"","overlay-type":"","overlay-color":"","overlay-gradient":""},"mobile":{"background-color":"","background-image":"","background-repeat":"repeat","background-position":"center center","background-size":"auto","background-attachment":"scroll","background-type":"","background-media":"","overlay-type":"","overlay-color":"","overlay-gradient":""}},"ast-content-background-meta":{"desktop":{"background-color":"var(--ast-global-color-5)","background-image":"","background-repeat":"repeat","background-position":"center center","background-size":"auto","background-attachment":"scroll","background-type":"","background-media":"","overlay-type":"","overlay-color":"","overlay-gradient":""},"tablet":{"background-color":"var(--ast-global-color-5)","background-image":"","background-repeat":"repeat","background-position":"center center","background-size":"auto","background-attachment":"scroll","background-type":"","background-media":"","overlay-type":"","overlay-color":"","overlay-gradient":""},"mobile":{"background-color":"var(--ast-global-color-5)","background-image":"","background-repeat":"repeat","background-position":"center center","background-size":"auto","background-attachment":"scroll","background-type":"","background-media":"","overlay-type":"","overlay-color":"","overlay-gradient":""}},"footnotes":""},"yoast_head":"<!-- This site is optimized with the Yoast SEO plugin v23.0 - https:\/\/yoast.com\/wordpress\/plugins\/seo\/ -->\n<title>13Tattoo blog - 13tattooceuta<\/title>\n<meta name=\"description\" content=\"13Tattoo blog. Descubre las \u00faltimas tendencias, consejos de cuidado de tatuajes y emocionantes historias de clientes.\" \/>\n<meta name=\"robots\" content=\"index, follow, max-snippet:-1, max-image-preview:large, max-video-preview:-1\" \/>\n<link rel=\"canonical\" href=\"https:\/\/13tattoo.es\/en\/13tattoo-blog\/\" \/>\n<meta property=\"og:locale\" content=\"en_US\" \/>\n<meta property=\"og:type\" content=\"article\" \/>\n<meta property=\"og:title\" content=\"13Tattoo blog - 13tattooceuta\" \/>\n<meta property=\"og:description\" content=\"13Tattoo blog. Descubre las \u00faltimas tendencias, consejos de cuidado de tatuajes y emocionantes historias de clientes.\" \/>\n<meta property=\"og:url\" content=\"https:\/\/13tattoo.es\/en\/13tattoo-blog\/\" \/>\n<meta property=\"og:site_name\" content=\"13tattooceuta\" \/>\n<meta property=\"article:modified_time\" content=\"2024-05-09T14:54:00+00:00\" \/>\n<meta property=\"og:image\" content=\"https:\/\/13tattooceuta.es\/wp-content\/uploads\/2024\/04\/IMG_7305-768x1024.jpg\" \/>\n<meta name=\"twitter:card\" content=\"summary_large_image\" \/>\n<meta name=\"twitter:label1\" content=\"Est. reading time\" \/>\n\t<meta name=\"twitter:data1\" content=\"2 minutes\" \/>\n<script type=\"application\/ld+json\" class=\"yoast-schema-graph\">{\"@context\":\"https:\/\/schema.org\",\"@graph\":[{\"@type\":\"WebPage\",\"@id\":\"https:\/\/13tattoo.es\/13tattoo-blog\/\",\"url\":\"https:\/\/13tattoo.es\/13tattoo-blog\/\",\"name\":\"13Tattoo blog - 13tattooceuta\",\"isPartOf\":{\"@id\":\"https:\/\/13tattoo.es\/#website\"},\"primaryImageOfPage\":{\"@id\":\"https:\/\/13tattoo.es\/13tattoo-blog\/#primaryimage\"},\"image\":{\"@id\":\"https:\/\/13tattoo.es\/13tattoo-blog\/#primaryimage\"},\"thumbnailUrl\":\"https:\/\/13tattooceuta.es\/wp-content\/uploads\/2024\/04\/IMG_7305-768x1024.jpg\",\"datePublished\":\"2019-01-11T07:07:39+00:00\",\"dateModified\":\"2024-05-09T14:54:00+00:00\",\"description\":\"13Tattoo blog. Descubre las \u00faltimas tendencias, consejos de cuidado de tatuajes y emocionantes historias de clientes.\",\"breadcrumb\":{\"@id\":\"https:\/\/13tattoo.es\/13tattoo-blog\/#breadcrumb\"},\"inLanguage\":\"en-US\",\"potentialAction\":[{\"@type\":\"ReadAction\",\"target\":[\"https:\/\/13tattoo.es\/13tattoo-blog\/\"]}]},{\"@type\":\"ImageObject\",\"inLanguage\":\"en-US\",\"@id\":\"https:\/\/13tattoo.es\/13tattoo-blog\/#primaryimage\",\"url\":\"https:\/\/13tattooceuta.es\/wp-content\/uploads\/2024\/04\/IMG_7305-768x1024.jpg\",\"contentUrl\":\"https:\/\/13tattooceuta.es\/wp-content\/uploads\/2024\/04\/IMG_7305-768x1024.jpg\"},{\"@type\":\"BreadcrumbList\",\"@id\":\"https:\/\/13tattoo.es\/13tattoo-blog\/#breadcrumb\",\"itemListElement\":[{\"@type\":\"ListItem\",\"position\":1,\"name\":\"Inicio\",\"item\":\"https:\/\/13tattoo.es\/\"},{\"@type\":\"ListItem\",\"position\":2,\"name\":\"Blog\"}]},{\"@type\":\"WebSite\",\"@id\":\"https:\/\/13tattoo.es\/#website\",\"url\":\"https:\/\/13tattoo.es\/\",\"name\":\"13tattooceuta\",\"description\":\"Centro de tatuajes y piercings en Ceuta\",\"publisher\":{\"@id\":\"https:\/\/13tattoo.es\/#organization\"},\"potentialAction\":[{\"@type\":\"SearchAction\",\"target\":{\"@type\":\"EntryPoint\",\"urlTemplate\":\"https:\/\/13tattoo.es\/?s={search_term_string}\"},\"query-input\":\"required name=search_term_string\"}],\"inLanguage\":\"en-US\"},{\"@type\":\"Organization\",\"@id\":\"https:\/\/13tattoo.es\/#organization\",\"name\":\"13tattooceuta\",\"url\":\"https:\/\/13tattoo.es\/\",\"logo\":{\"@type\":\"ImageObject\",\"inLanguage\":\"en-US\",\"@id\":\"https:\/\/13tattoo.es\/#\/schema\/logo\/image\/\",\"url\":\"https:\/\/13tattoo.es\/wp-content\/uploads\/2024\/04\/images.png\",\"contentUrl\":\"https:\/\/13tattoo.es\/wp-content\/uploads\/2024\/04\/images.png\",\"width\":189,\"height\":267,\"caption\":\"13tattooceuta\"},\"image\":{\"@id\":\"https:\/\/13tattoo.es\/#\/schema\/logo\/image\/\"}}]}<\/script>\n<!-- \/ Yoast SEO plugin. -->","yoast_head_json":{"title":"13Tattoo blog - 13tattooceuta","description":"13Tattoo blog. Descubre las \u00faltimas tendencias, consejos de cuidado de tatuajes y emocionantes historias de clientes.","robots":{"index":"index","follow":"follow","max-snippet":"max-snippet:-1","max-image-preview":"max-image-preview:large","max-video-preview":"max-video-preview:-1"},"canonical":"https:\/\/13tattoo.es\/en\/13tattoo-blog\/","og_locale":"en_US","og_type":"article","og_title":"13Tattoo blog - 13tattooceuta","og_description":"13Tattoo blog. Descubre las \u00faltimas tendencias, consejos de cuidado de tatuajes y emocionantes historias de clientes.","og_url":"https:\/\/13tattoo.es\/en\/13tattoo-blog\/","og_site_name":"13tattooceuta","article_modified_time":"2024-05-09T14:54:00+00:00","og_image":[{"url":"https:\/\/13tattooceuta.es\/wp-content\/uploads\/2024\/04\/IMG_7305-768x1024.jpg"}],"twitter_card":"summary_large_image","twitter_misc":{"Est. reading time":"2 minutes"},"schema":{"@context":"https:\/\/schema.org","@graph":[{"@type":"WebPage","@id":"https:\/\/13tattoo.es\/13tattoo-blog\/","url":"https:\/\/13tattoo.es\/13tattoo-blog\/","name":"13Tattoo blog - 13tattooceuta","isPartOf":{"@id":"https:\/\/13tattoo.es\/#website"},"primaryImageOfPage":{"@id":"https:\/\/13tattoo.es\/13tattoo-blog\/#primaryimage"},"image":{"@id":"https:\/\/13tattoo.es\/13tattoo-blog\/#primaryimage"},"thumbnailUrl":"https:\/\/13tattooceuta.es\/wp-content\/uploads\/2024\/04\/IMG_7305-768x1024.jpg","datePublished":"2019-01-11T07:07:39+00:00","dateModified":"2024-05-09T14:54:00+00:00","description":"13Tattoo blog. Descubre las \u00faltimas tendencias, consejos de cuidado de tatuajes y emocionantes historias de clientes.","breadcrumb":{"@id":"https:\/\/13tattoo.es\/13tattoo-blog\/#breadcrumb"},"inLanguage":"en-US","potentialAction":[{"@type":"ReadAction","target":["https:\/\/13tattoo.es\/13tattoo-blog\/"]}]},{"@type":"ImageObject","inLanguage":"en-US","@id":"https:\/\/13tattoo.es\/13tattoo-blog\/#primaryimage","url":"https:\/\/13tattooceuta.es\/wp-content\/uploads\/2024\/04\/IMG_7305-768x1024.jpg","contentUrl":"https:\/\/13tattooceuta.es\/wp-content\/uploads\/2024\/04\/IMG_7305-768x1024.jpg"},{"@type":"BreadcrumbList","@id":"https:\/\/13tattoo.es\/13tattoo-blog\/#breadcrumb","itemListElement":[{"@type":"ListItem","position":1,"name":"Inicio","item":"https:\/\/13tattoo.es\/"},{"@type":"ListItem","position":2,"name":"Blog"}]},{"@type":"WebSite","@id":"https:\/\/13tattoo.es\/#website","url":"https:\/\/13tattoo.es\/","name":"13tattooceuta","description":"Centro de tatuajes y piercings en Ceuta","publisher":{"@id":"https:\/\/13tattoo.es\/#organization"},"potentialAction":[{"@type":"SearchAction","target":{"@type":"EntryPoint","urlTemplate":"https:\/\/13tattoo.es\/?s={search_term_string}"},"query-input":"required name=search_term_string"}],"inLanguage":"en-US"},{"@type":"Organization","@id":"https:\/\/13tattoo.es\/#organization","name":"13tattooceuta","url":"https:\/\/13tattoo.es\/","logo":{"@type":"ImageObject","inLanguage":"en-US","@id":"https:\/\/13tattoo.es\/#\/schema\/logo\/image\/","url":"https:\/\/13tattoo.es\/wp-content\/uploads\/2024\/04\/images.png","contentUrl":"https:\/\/13tattoo.es\/wp-content\/uploads\/2024\/04\/images.png","width":189,"height":267,"caption":"13tattooceuta"},"image":{"@id":"https:\/\/13tattoo.es\/#\/schema\/logo\/image\/"}}]}},"_links":{"self":[{"href":"https:\/\/13tattoo.es\/en\/wp-json\/wp\/v2\/pages\/267"}],"collection":[{"href":"https:\/\/13tattoo.es\/en\/wp-json\/wp\/v2\/pages"}],"about":[{"href":"https:\/\/13tattoo.es\/en\/wp-json\/wp\/v2\/types\/page"}],"author":[{"embeddable":true,"href":"https:\/\/13tattoo.es\/en\/wp-json\/wp\/v2\/users\/1"}],"replies":[{"embeddable":true,"href":"https:\/\/13tattoo.es\/en\/wp-json\/wp\/v2\/comments?post=267"}],"version-history":[{"count":28,"href":"https:\/\/13tattoo.es\/en\/wp-json\/wp\/v2\/pages\/267\/revisions"}],"predecessor-version":[{"id":3555,"href":"https:\/\/13tattoo.es\/en\/wp-json\/wp\/v2\/pages\/267\/revisions\/3555"}],"wp:attachment":[{"href":"https:\/\/13tattoo.es\/en\/wp-json\/wp\/v2\/media?parent=267"}],"curies":[{"name":"wp","href":"https:\/\/api.w.org\/{rel}","templated":true}]}}